{"id":779,"date":"2024-12-12T18:59:17","date_gmt":"2024-12-12T15:59:17","guid":{"rendered":"http:\/\/lhr-fi.org\/?page_id=779"},"modified":"2025-03-03T13:04:50","modified_gmt":"2025-03-03T10:04:50","slug":"arkisto","status":"publish","type":"page","link":"https:\/\/lhr.fi\/?page_id=779","title":{"rendered":"Arkisto"},"content":{"rendered":"\n<div style=\"height:38px\" aria-hidden=\"true\" class=\"wp-block-spacer\"><\/div>\n\n\n\n<p class=\"has-text-align-center\">T\u00e4lt\u00e4 sivulta l\u00f6yd\u00e4t materiaalia vanhoista iltarasteista ja kilpailuista.<\/p>\n\n\n\n<div style=\"height:38px\" aria-hidden=\"true\" class=\"wp-block-spacer\"><\/div>\n\n\n\n<div class=\"wp-block-group is-vertical is-content-justification-center is-nowrap is-layout-flex wp-container-core-group-is-layout-3 wp-block-group-is-layout-flex\">\n<div class=\"wp-block-group is-nowrap is-layout-flex wp-container-core-group-is-layout-1 wp-block-group-is-layout-flex\">\n<figure class=\"wp-block-image size-large is-resized\"><img decoding=\"async\" src=\"\/wp-content\/uploads\/2024\/11\/checkpoint-1.jpg\" alt=\"\" style=\"object-fit:cover;width:80px;height:80px\"\/><\/figure>\n\n\n\n<h4 class=\"wp-block-heading\"><a href=\"\/?page_id=791\" data-type=\"page\" data-id=\"791\">Iltarastit arkisto<\/a><\/h4>\n<\/div>\n\n\n\n<div class=\"wp-block-group is-nowrap is-layout-flex wp-container-core-group-is-layout-2 wp-block-group-is-layout-flex\">\n<figure class=\"wp-block-image size-large is-resized\"><img decoding=\"async\" src=\"\/wp-content\/uploads\/2024\/11\/checkpoint-1.jpg\" alt=\"\" style=\"object-fit:cover;width:80px;height:80px\"\/><\/figure>\n\n\n\n<h4 class=\"wp-block-heading\"><a href=\"\/?page_id=813\" data-type=\"page\" data-id=\"813\">Kilpailut arkisto<\/a><\/h4>\n<\/div>\n<\/div>\n\n\n\n<p><\/p>\n","protected":false},"excerpt":{"rendered":"<p>T\u00e4lt\u00e4 sivulta l\u00f6yd\u00e4t materiaalia vanhoista iltarasteista ja kilpailuista. Iltarastit arkisto Kilpailut arkisto<\/p>\n","protected":false},"author":2,"featured_media":797,"parent":0,"menu_order":100,"comment_status":"closed","ping_status":"closed","template":"","meta":{"footnotes":""},"class_list":["post-779","page","type-page","status-publish","has-post-thumbnail","hentry"],"_links":{"self":[{"href":"https:\/\/lhr.fi\/index.php?rest_route=\/wp\/v2\/pages\/779","targetHints":{"allow":["GET"]}}],"collection":[{"href":"https:\/\/lhr.fi\/index.php?rest_route=\/wp\/v2\/pages"}],"about":[{"href":"https:\/\/lhr.fi\/index.php?rest_route=\/wp\/v2\/types\/page"}],"author":[{"embeddable":true,"href":"https:\/\/lhr.fi\/index.php?rest_route=\/wp\/v2\/users\/2"}],"replies":[{"embeddable":true,"href":"https:\/\/lhr.fi\/index.php?rest_route=%2Fwp%2Fv2%2Fcomments&post=779"}],"version-history":[{"count":13,"href":"https:\/\/lhr.fi\/index.php?rest_route=\/wp\/v2\/pages\/779\/revisions"}],"predecessor-version":[{"id":1177,"href":"https:\/\/lhr.fi\/index.php?rest_route=\/wp\/v2\/pages\/779\/revisions\/1177"}],"wp:featuredmedia":[{"embeddable":true,"href":"https:\/\/lhr.fi\/index.php?rest_route=\/wp\/v2\/media\/797"}],"wp:attachment":[{"href":"https:\/\/lhr.fi\/index.php?rest_route=%2Fwp%2Fv2%2Fmedia&parent=779"}],"curies":[{"name":"wp","href":"https:\/\/api.w.org\/{rel}","templated":true}]}}