{"id":782,"date":"2024-12-12T18:59:58","date_gmt":"2024-12-12T15:59:58","guid":{"rendered":"http:\/\/lhr-fi.org\/?page_id=782"},"modified":"2026-04-13T20:10:51","modified_gmt":"2026-04-13T17:10:51","slug":"kilpailut","status":"publish","type":"page","link":"https:\/\/lhr.fi\/?page_id=782","title":{"rendered":"Kilpailut"},"content":{"rendered":"\n<p class=\"has-text-align-center\">Vuonna 2026 LHR j\u00e4rjest\u00e4\u00e4 kaksi <a href=\"https:\/\/www.louna-roga.com\/\" data-type=\"link\" data-id=\"https:\/\/www.louna-roga.com\/\">rogain-kisaa<\/a>: Jokioinen-Roga 16.5., Louna-Roga 3.10.<\/p>\n\n\n\n<p class=\"has-text-align-center\">Aikaisemmat kilpailut l\u00f6ytyv\u00e4t <a href=\"https:\/\/lhr.fi\/?page_id=779\">arkistosta<\/a>.<\/p>\n\n\n\n<p><\/p>\n","protected":false},"excerpt":{"rendered":"<p>Vuonna 2026 LHR j\u00e4rjest\u00e4\u00e4 kaksi rogain-kisaa: Jokioinen-Roga 16.5., Louna-Roga 3.10. Aikaisemmat kilpailut l\u00f6ytyv\u00e4t arkistosta.<\/p>\n","protected":false},"author":2,"featured_media":882,"parent":0,"menu_order":4,"comment_status":"closed","ping_status":"closed","template":"","meta":{"footnotes":""},"class_list":["post-782","page","type-page","status-publish","has-post-thumbnail","hentry"],"_links":{"self":[{"href":"https:\/\/lhr.fi\/index.php?rest_route=\/wp\/v2\/pages\/782","targetHints":{"allow":["GET"]}}],"collection":[{"href":"https:\/\/lhr.fi\/index.php?rest_route=\/wp\/v2\/pages"}],"about":[{"href":"https:\/\/lhr.fi\/index.php?rest_route=\/wp\/v2\/types\/page"}],"author":[{"embeddable":true,"href":"https:\/\/lhr.fi\/index.php?rest_route=\/wp\/v2\/users\/2"}],"replies":[{"embeddable":true,"href":"https:\/\/lhr.fi\/index.php?rest_route=%2Fwp%2Fv2%2Fcomments&post=782"}],"version-history":[{"count":64,"href":"https:\/\/lhr.fi\/index.php?rest_route=\/wp\/v2\/pages\/782\/revisions"}],"predecessor-version":[{"id":1966,"href":"https:\/\/lhr.fi\/index.php?rest_route=\/wp\/v2\/pages\/782\/revisions\/1966"}],"wp:featuredmedia":[{"embeddable":true,"href":"https:\/\/lhr.fi\/index.php?rest_route=\/wp\/v2\/media\/882"}],"wp:attachment":[{"href":"https:\/\/lhr.fi\/index.php?rest_route=%2Fwp%2Fv2%2Fmedia&parent=782"}],"curies":[{"name":"wp","href":"https:\/\/api.w.org\/{rel}","templated":true}]}}