{"id":978,"date":"2025-01-07T17:23:10","date_gmt":"2025-01-07T14:23:10","guid":{"rendered":"http:\/\/lhr-fi.org\/?page_id=978"},"modified":"2025-09-14T15:29:16","modified_gmt":"2025-09-14T12:29:16","slug":"contact","status":"publish","type":"page","link":"https:\/\/lhr.fi\/?page_id=978","title":{"rendered":"Yhteydenotto"},"content":{"rendered":"\n<div class=\"wp-block-group alignwide has-background has-small-font-size is-vertical is-content-justification-center is-layout-flex wp-container-core-group-is-layout-2 wp-block-group-is-layout-flex\" style=\"background-color:#e0e0e0;padding-top:var(--wp--preset--spacing--10);padding-right:var(--wp--preset--spacing--10);padding-bottom:var(--wp--preset--spacing--10);padding-left:var(--wp--preset--spacing--10)\">\n<div class=\"wp-block-group is-vertical is-content-justification-center is-layout-flex wp-container-core-group-is-layout-1 wp-block-group-is-layout-flex\" style=\"padding-right:0;padding-left:0\">\n<p>T\u00e4yt\u00e4 yhteydenottolomake haluamastasi asiasta ja valitse henkil\u00f6, jolle sen haluat osoittaa. H\u00e4n saa s\u00e4hk\u00f6postisi ja palaa asiaan.<\/p>\n\n\n\n<p>Varmista, ett\u00e4 s\u00e4hk\u00f6postiosoitteesi on kirjoitettu oikein ennen viestin l\u00e4hett\u00e4mist\u00e4.<\/p>\n<\/div>\n\n\n\n<div class=\"wpcf7 no-js\" id=\"wpcf7-f968-o1\" lang=\"en-US\" dir=\"ltr\" data-wpcf7-id=\"968\">\n<div class=\"screen-reader-response\"><p role=\"status\" aria-live=\"polite\" aria-atomic=\"true\"><\/p> <ul><\/ul><\/div>\n<form action=\"\/index.php?rest_route=%2Fwp%2Fv2%2Fpages%2F978#wpcf7-f968-o1\" method=\"post\" class=\"wpcf7-form init\" aria-label=\"Contact form\" novalidate=\"novalidate\" data-status=\"init\">\n<div style=\"display: none;\">\n<input type=\"hidden\" name=\"_wpcf7\" value=\"968\" \/>\n<input type=\"hidden\" name=\"_wpcf7_version\" value=\"6.0.6\" \/>\n<input type=\"hidden\" name=\"_wpcf7_locale\" value=\"en_US\" \/>\n<input type=\"hidden\" name=\"_wpcf7_unit_tag\" value=\"wpcf7-f968-o1\" \/>\n<input type=\"hidden\" name=\"_wpcf7_container_post\" value=\"0\" \/>\n<input type=\"hidden\" name=\"_wpcf7_posted_data_hash\" value=\"\" \/>\n<\/div>\n<p><label> Nimesi<br \/>\n<span class=\"wpcf7-form-control-wrap\" data-name=\"your-name\"><input size=\"40\" maxlength=\"400\" class=\"wpcf7-form-control wpcf7-text wpcf7-validates-as-required\" autocomplete=\"name\" aria-required=\"true\" aria-invalid=\"false\" value=\"\" type=\"text\" name=\"your-name\" \/><\/span> <\/label>\n<\/p>\n<p><label> S\u00e4hk\u00f6postisi<br \/>\n<span class=\"wpcf7-form-control-wrap\" data-name=\"your-email\"><input size=\"40\" maxlength=\"400\" class=\"wpcf7-form-control wpcf7-email wpcf7-validates-as-required wpcf7-text wpcf7-validates-as-email\" autocomplete=\"email\" aria-required=\"true\" aria-invalid=\"false\" value=\"\" type=\"email\" name=\"your-email\" \/><\/span> <\/label>\n<\/p>\n<p><label> Kenelle<br \/>\n<span class=\"wpcf7-form-control-wrap\" data-name=\"lhr-recipient\"><select class=\"wpcf7-form-control wpcf7-select wpcf7-validates-as-required\" aria-required=\"true\" aria-invalid=\"false\" name=\"lhr-recipient\"><option value=\"TIEDOTUS, J\u00c4SENASIAT - Katja Ahti\">TIEDOTUS, J\u00c4SENASIAT - Katja Ahti<\/option><option value=\"KARTTAVASTAAVA - Ari Ilola\">KARTTAVASTAAVA - Ari Ilola<\/option><option value=\"PUHEENJOHTAJA - P\u00e4ivi Paija\">PUHEENJOHTAJA - P\u00e4ivi Paija<\/option><option value=\"VPJ, NUORISO, KILPAILU JA VALMENNUS - Tero Julkunen\">VPJ, NUORISO, KILPAILU JA VALMENNUS - Tero Julkunen<\/option><option value=\"SIHTEERI, KILPAILUJEN ILMOITTAJA - Susanna Rokka\">SIHTEERI, KILPAILUJEN ILMOITTAJA - Susanna Rokka<\/option><option value=\"RAHASTONHOITAJA - Jaana Lindfors\">RAHASTONHOITAJA - Jaana Lindfors<\/option><option value=\"KUNTOSUUNNISTUS - Aino-Maria M\u00e4nki\">KUNTOSUUNNISTUS - Aino-Maria M\u00e4nki<\/option><option value=\"KEHITT\u00c4MINEN - Hanna Kanasuo\">KEHITT\u00c4MINEN - Hanna Kanasuo<\/option><option value=\"Ongelmia nettisivuilla\">Ongelmia nettisivuilla<\/option><\/select><\/span><br \/>\n<\/label>\n<\/p>\n<p><label> Aihe<br \/>\n<span class=\"wpcf7-form-control-wrap\" data-name=\"your-subject\"><input size=\"40\" maxlength=\"400\" class=\"wpcf7-form-control wpcf7-text wpcf7-validates-as-required\" aria-required=\"true\" aria-invalid=\"false\" value=\"\" type=\"text\" name=\"your-subject\" \/><\/span> <\/label>\n<\/p>\n<p><label> Viestisi<br \/>\n<span class=\"wpcf7-form-control-wrap\" data-name=\"your-message\"><textarea cols=\"40\" rows=\"10\" maxlength=\"2000\" class=\"wpcf7-form-control wpcf7-textarea wpcf7-validates-as-required\" aria-required=\"true\" aria-invalid=\"false\" name=\"your-message\"><\/textarea><\/span> <\/label>\n<\/p>\n<p><input class=\"wpcf7-form-control wpcf7-submit has-spinner\" type=\"submit\" value=\"L\u00e4het\u00e4\" \/>\n<\/p><div class=\"wpcf7-response-output\" aria-hidden=\"true\"><\/div>\n<\/form>\n<\/div>\n\n<\/div>\n\n\n\n<div class=\"wp-block-group has-small-font-size is-vertical is-content-justification-center is-layout-flex wp-container-core-group-is-layout-3 wp-block-group-is-layout-flex\">\n<p class=\"has-text-align-center\">Lounais-H\u00e4meen Rasti ry<\/p>\n\n\n\n<p class=\"has-text-align-center\">Lehtim\u00e4enkulmantie 187<\/p>\n\n\n\n<p class=\"has-text-align-center\">32100 YP\u00c4J\u00c4<\/p>\n\n\n\n<p class=\"has-text-align-center\">Y-tunnus: 0910343-6<\/p>\n<\/div>\n\n\n\n<div class=\"wp-block-group alignwide has-background has-global-padding is-layout-constrained wp-container-core-group-is-layout-5 wp-block-group-is-layout-constrained\" style=\"background-color:#ebebeb;padding-top:4px;padding-right:4px;padding-bottom:8px;padding-left:4px\">\n<h2 class=\"wp-block-heading alignwide has-text-align-center has-base-2-color has-text-color has-background has-link-color has-medium-font-size wp-elements-0f86ef4ccf3aec762fe843fc0b2d8510\" style=\"background-color:#c00000;margin-right:0;margin-bottom:var(--wp--preset--spacing--30);margin-left:0;padding-top:4px;padding-right:0;padding-bottom:4px;padding-left:0\"><strong>Lounais-H\u00e4meen Rasti ry:n hallitus<\/strong><\/h2>\n\n\n\n<div class=\"wp-block-group alignwide is-layout-grid wp-container-core-group-is-layout-4 wp-block-group-is-layout-grid\" style=\"margin-top:var(--wp--preset--spacing--30);font-size:0.8rem;line-height:1.1\">\n<div class=\"wp-block-media-text is-vertically-aligned-top\" style=\"border-radius:0px;padding-top:0;padding-right:0;padding-bottom:0;padding-left:0;grid-template-columns:40% auto\"><figure class=\"wp-block-media-text__media\"><img loading=\"lazy\" decoding=\"async\" width=\"1000\" height=\"1000\" src=\"https:\/\/lhr.fi\/wp-content\/uploads\/2025\/04\/Paivi_9806.jpg\" alt=\"\" class=\"wp-image-1293 size-full\" srcset=\"https:\/\/lhr.fi\/wp-content\/uploads\/2025\/04\/Paivi_9806.jpg 1000w, https:\/\/lhr.fi\/wp-content\/uploads\/2025\/04\/Paivi_9806-300x300.jpg 300w, https:\/\/lhr.fi\/wp-content\/uploads\/2025\/04\/Paivi_9806-150x150.jpg 150w, https:\/\/lhr.fi\/wp-content\/uploads\/2025\/04\/Paivi_9806-768x768.jpg 768w\" sizes=\"auto, (max-width: 1000px) 100vw, 1000px\" \/><\/figure><div class=\"wp-block-media-text__content\">\n<p><strong>PUHEENJOHTAJA&nbsp; &nbsp; &nbsp; &nbsp;&nbsp; &nbsp; &nbsp; &nbsp; &nbsp; &nbsp;&nbsp;<\/strong><\/p>\n\n\n\n<p><strong>P\u00e4ivi Paija&nbsp; &nbsp;<\/strong><\/p>\n\n\n\n<p>0440 1613 40<\/p>\n<\/div><\/div>\n\n\n\n<div class=\"wp-block-media-text is-vertically-aligned-top\" style=\"grid-template-columns:40% auto\"><figure class=\"wp-block-media-text__media\"><img loading=\"lazy\" decoding=\"async\" width=\"1000\" height=\"1000\" src=\"https:\/\/lhr.fi\/wp-content\/uploads\/2025\/04\/Tero_9796.jpg\" alt=\"\" class=\"wp-image-1295 size-full\" srcset=\"https:\/\/lhr.fi\/wp-content\/uploads\/2025\/04\/Tero_9796.jpg 1000w, https:\/\/lhr.fi\/wp-content\/uploads\/2025\/04\/Tero_9796-300x300.jpg 300w, https:\/\/lhr.fi\/wp-content\/uploads\/2025\/04\/Tero_9796-150x150.jpg 150w, https:\/\/lhr.fi\/wp-content\/uploads\/2025\/04\/Tero_9796-768x768.jpg 768w\" sizes=\"auto, (max-width: 1000px) 100vw, 1000px\" \/><\/figure><div class=\"wp-block-media-text__content\">\n<p style=\"padding-right:0;padding-left:0\"><strong>VARAPUHEENJOHTAJA sek\u00e4 NUORISO, KILPAILU JA VALMENNUS<\/strong><\/p>\n\n\n\n<p><strong>Tero Julkunen&nbsp;&nbsp;<\/strong><\/p>\n\n\n\n<p>040 702 3850<\/p>\n<\/div><\/div>\n\n\n\n<div class=\"wp-block-media-text is-vertically-aligned-top wp-container-content-1\" style=\"grid-template-columns:40% auto\"><figure class=\"wp-block-media-text__media\"><img loading=\"lazy\" decoding=\"async\" width=\"1000\" height=\"1000\" src=\"https:\/\/lhr.fi\/wp-content\/uploads\/2025\/04\/Susanna_9863.jpg\" alt=\"\" class=\"wp-image-1294 size-full\" srcset=\"https:\/\/lhr.fi\/wp-content\/uploads\/2025\/04\/Susanna_9863.jpg 1000w, https:\/\/lhr.fi\/wp-content\/uploads\/2025\/04\/Susanna_9863-300x300.jpg 300w, https:\/\/lhr.fi\/wp-content\/uploads\/2025\/04\/Susanna_9863-150x150.jpg 150w, https:\/\/lhr.fi\/wp-content\/uploads\/2025\/04\/Susanna_9863-768x768.jpg 768w\" sizes=\"auto, (max-width: 1000px) 100vw, 1000px\" \/><\/figure><div class=\"wp-block-media-text__content\">\n<p><strong>SIHTEERI ja KILPAILUJEN ILMOITTAJA<\/strong><\/p>\n\n\n\n<p><strong>Susanna Rokka<\/strong><\/p>\n\n\n\n<p>040 776 6717<\/p>\n<\/div><\/div>\n\n\n\n<div class=\"wp-block-media-text is-vertically-aligned-top\" style=\"grid-template-columns:40% auto\"><figure class=\"wp-block-media-text__media\"><img loading=\"lazy\" decoding=\"async\" width=\"1000\" height=\"1000\" src=\"https:\/\/lhr.fi\/wp-content\/uploads\/2025\/04\/Jaana_9816.jpg\" alt=\"\" class=\"wp-image-1291 size-full\" srcset=\"https:\/\/lhr.fi\/wp-content\/uploads\/2025\/04\/Jaana_9816.jpg 1000w, https:\/\/lhr.fi\/wp-content\/uploads\/2025\/04\/Jaana_9816-300x300.jpg 300w, https:\/\/lhr.fi\/wp-content\/uploads\/2025\/04\/Jaana_9816-150x150.jpg 150w, https:\/\/lhr.fi\/wp-content\/uploads\/2025\/04\/Jaana_9816-768x768.jpg 768w\" sizes=\"auto, (max-width: 1000px) 100vw, 1000px\" \/><\/figure><div class=\"wp-block-media-text__content\">\n<p><strong>RAHASTONHOITAJA<\/strong><\/p>\n\n\n\n<p><strong>Jaana Lindfors<\/strong><\/p>\n<\/div><\/div>\n\n\n\n<div class=\"wp-block-media-text is-vertically-aligned-top\" style=\"grid-template-columns:40% auto\"><figure class=\"wp-block-media-text__media\"><img loading=\"lazy\" decoding=\"async\" width=\"1000\" height=\"1000\" src=\"https:\/\/lhr.fi\/wp-content\/uploads\/2025\/04\/Aiska_9848.jpg\" alt=\"\" class=\"wp-image-1289 size-full\" srcset=\"https:\/\/lhr.fi\/wp-content\/uploads\/2025\/04\/Aiska_9848.jpg 1000w, https:\/\/lhr.fi\/wp-content\/uploads\/2025\/04\/Aiska_9848-300x300.jpg 300w, https:\/\/lhr.fi\/wp-content\/uploads\/2025\/04\/Aiska_9848-150x150.jpg 150w, https:\/\/lhr.fi\/wp-content\/uploads\/2025\/04\/Aiska_9848-768x768.jpg 768w\" sizes=\"auto, (max-width: 1000px) 100vw, 1000px\" \/><\/figure><div class=\"wp-block-media-text__content\">\n<p><strong>KUNTOSUUNNISTUS<\/strong><\/p>\n\n\n\n<p><strong>Aino-Maria M\u00e4nki<\/strong><\/p>\n\n\n\n<p>050 374 8924<\/p>\n<\/div><\/div>\n\n\n\n<div class=\"wp-block-media-text is-vertically-aligned-top\" style=\"grid-template-columns:40% auto\"><figure class=\"wp-block-media-text__media\"><img loading=\"lazy\" decoding=\"async\" width=\"1000\" height=\"1000\" src=\"https:\/\/lhr.fi\/wp-content\/uploads\/2025\/05\/Ari_0335.jpg\" alt=\"\" class=\"wp-image-1591 size-full\" srcset=\"https:\/\/lhr.fi\/wp-content\/uploads\/2025\/05\/Ari_0335.jpg 1000w, https:\/\/lhr.fi\/wp-content\/uploads\/2025\/05\/Ari_0335-300x300.jpg 300w, https:\/\/lhr.fi\/wp-content\/uploads\/2025\/05\/Ari_0335-150x150.jpg 150w, https:\/\/lhr.fi\/wp-content\/uploads\/2025\/05\/Ari_0335-768x768.jpg 768w\" sizes=\"auto, (max-width: 1000px) 100vw, 1000px\" \/><\/figure><div class=\"wp-block-media-text__content\">\n<p><strong>KARTTAVASTAAVA&nbsp;<\/strong><\/p>\n\n\n\n<p><strong>Ari Ilola<\/strong><\/p>\n\n\n\n<p>040 595 6644<\/p>\n<\/div><\/div>\n\n\n\n<div class=\"wp-block-media-text is-vertically-aligned-top\" style=\"grid-template-columns:40% auto\"><figure class=\"wp-block-media-text__media\"><img loading=\"lazy\" decoding=\"async\" width=\"1000\" height=\"1000\" src=\"https:\/\/lhr.fi\/wp-content\/uploads\/2025\/04\/Hanna_9839.jpg\" alt=\"\" class=\"wp-image-1290 size-full\" srcset=\"https:\/\/lhr.fi\/wp-content\/uploads\/2025\/04\/Hanna_9839.jpg 1000w, https:\/\/lhr.fi\/wp-content\/uploads\/2025\/04\/Hanna_9839-300x300.jpg 300w, https:\/\/lhr.fi\/wp-content\/uploads\/2025\/04\/Hanna_9839-150x150.jpg 150w, https:\/\/lhr.fi\/wp-content\/uploads\/2025\/04\/Hanna_9839-768x768.jpg 768w\" sizes=\"auto, (max-width: 1000px) 100vw, 1000px\" \/><\/figure><div class=\"wp-block-media-text__content\">\n<p><strong>KEHITT\u00c4MINEN<\/strong><\/p>\n\n\n\n<p><strong>Hanna Kanasuo<\/strong><\/p>\n<\/div><\/div>\n\n\n\n<div class=\"wp-block-media-text is-vertically-aligned-top\" style=\"grid-template-columns:40% auto\"><figure class=\"wp-block-media-text__media\"><img loading=\"lazy\" decoding=\"async\" width=\"1000\" height=\"1000\" src=\"https:\/\/lhr.fi\/wp-content\/uploads\/2025\/04\/Katja_9830.jpg\" alt=\"\" class=\"wp-image-1292 size-full\" srcset=\"https:\/\/lhr.fi\/wp-content\/uploads\/2025\/04\/Katja_9830.jpg 1000w, https:\/\/lhr.fi\/wp-content\/uploads\/2025\/04\/Katja_9830-300x300.jpg 300w, https:\/\/lhr.fi\/wp-content\/uploads\/2025\/04\/Katja_9830-150x150.jpg 150w, https:\/\/lhr.fi\/wp-content\/uploads\/2025\/04\/Katja_9830-768x768.jpg 768w\" sizes=\"auto, (max-width: 1000px) 100vw, 1000px\" \/><\/figure><div class=\"wp-block-media-text__content\">\n<p><strong>TIEDOTUS ja J\u00c4SENASIAT<\/strong><\/p>\n\n\n\n<p><strong>Katja Ahti<\/strong><\/p>\n\n\n\n<p>040 550 9517<\/p>\n<\/div><\/div>\n<\/div>\n<\/div>\n\n\n\n<p><\/p>\n","protected":false},"excerpt":{"rendered":"<p>T\u00e4yt\u00e4 yhteydenottolomake haluamastasi asiasta ja valitse henkil\u00f6, jolle sen haluat osoittaa. H\u00e4n saa s\u00e4hk\u00f6postisi ja palaa asiaan. Varmista, ett\u00e4 s\u00e4hk\u00f6postiosoitteesi on kirjoitettu oikein ennen viestin l\u00e4hett\u00e4mist\u00e4. Lounais-H\u00e4meen Rasti ry Lehtim\u00e4enkulmantie 187 32100 YP\u00c4J\u00c4 Y-tunnus: 0910343-6 Lounais-H\u00e4meen Rasti ry:n hallitus PUHEENJOHTAJA&nbsp; &nbsp; &nbsp; &nbsp;&nbsp; &nbsp; &nbsp; &nbsp; &nbsp; &nbsp;&nbsp; P\u00e4ivi Paija&nbsp; &nbsp; 0440 1613 40 VARAPUHEENJOHTAJA [&hellip;]<\/p>\n","protected":false},"author":1,"featured_media":650,"parent":0,"menu_order":6,"comment_status":"closed","ping_status":"closed","template":"","meta":{"footnotes":""},"class_list":["post-978","page","type-page","status-publish","has-post-thumbnail","hentry"],"_links":{"self":[{"href":"https:\/\/lhr.fi\/index.php?rest_route=\/wp\/v2\/pages\/978","targetHints":{"allow":["GET"]}}],"collection":[{"href":"https:\/\/lhr.fi\/index.php?rest_route=\/wp\/v2\/pages"}],"about":[{"href":"https:\/\/lhr.fi\/index.php?rest_route=\/wp\/v2\/types\/page"}],"author":[{"embeddable":true,"href":"https:\/\/lhr.fi\/index.php?rest_route=\/wp\/v2\/users\/1"}],"replies":[{"embeddable":true,"href":"https:\/\/lhr.fi\/index.php?rest_route=%2Fwp%2Fv2%2Fcomments&post=978"}],"version-history":[{"count":53,"href":"https:\/\/lhr.fi\/index.php?rest_route=\/wp\/v2\/pages\/978\/revisions"}],"predecessor-version":[{"id":1748,"href":"https:\/\/lhr.fi\/index.php?rest_route=\/wp\/v2\/pages\/978\/revisions\/1748"}],"wp:featuredmedia":[{"embeddable":true,"href":"https:\/\/lhr.fi\/index.php?rest_route=\/wp\/v2\/media\/650"}],"wp:attachment":[{"href":"https:\/\/lhr.fi\/index.php?rest_route=%2Fwp%2Fv2%2Fmedia&parent=978"}],"curies":[{"name":"wp","href":"https:\/\/api.w.org\/{rel}","templated":true}]}}